{"id":12954,"date":"2025-10-24T18:53:53","date_gmt":"2025-10-24T18:53:53","guid":{"rendered":"https:\/\/vinylframe.nl\/?post_type=product&#038;p=12954"},"modified":"2025-12-30T17:44:00","modified_gmt":"2025-12-30T17:44:00","slug":"vinylframe-walnoot-mat-outlet","status":"publish","type":"product","link":"https:\/\/vinylframe.nl\/de\/produkt\/vinylframe-walnoot-mat-outlet\/","title":{"rendered":"Mini VinylFrame walnoot mat (OUTLET)"},"content":{"rendered":"","protected":false},"excerpt":{"rendered":"<p><strong>LET OP!\u00a0<\/strong>Dit is een <strong>OUTLET<\/strong> product. In dit geval zijn alle 3 de frames voorzien van een logo!<\/p>\n<p>Haal je LP\u2019s uit de kast en <b>geef artworks de aandacht die ze verdienen<\/b>! Ons Vinyl Frame biedt een stijlvolle manier om al <b>je favoriete platen aan de muur<\/b> te bevestigen. Het strakke en <b>simplistische design<\/b> maakt dat deze wissellijst <b>in elk interieur <\/b>past. Daarnaast kun je eindeloos blijven vari\u00ebren omdat je de albums gemakkelijk in en uit het frame kunt schuiven.<\/p>\n<p><b>Montage<\/b><br \/>\nDit outlet item is voorzien van klittenband<b>.<\/b><\/p>\n<p><strong>Materiaal<\/strong><br \/>\nDit frame is gemaakt van walnoothout.<\/p>\n<p><b>Produktion<\/b> \ud83e\ude9a<br \/>\nVinylFrame setzt sich f\u00fcr Qualit\u00e4t und verantwortungsvolle Produkte ein. Unsere Produktpalette wird daher vollst\u00e4ndig von Hand in den Niederlanden hergestellt. M\u00f6chtest du wissen, wie das gemacht wird? Schau dir <a href=\"https:\/\/www.youtube.com\/watch?v=M0Hx9wkUhzU\">dieses Video<\/a>.<\/p>\n<p><b>Verzending<\/b> \ud83d\udce6<br \/>\nWenn das Produkt auf Lager ist, versuchen wir, die Bestellung innerhalb von 24 Stunden zu versenden. Wenn ein Produkt ausverkauft ist, k\u00f6nnen Sie eine Nachbestellung aufgeben und erhalten es, sobald es wieder auf Lager ist. Bei Fragen zu den Lieferzeiten wenden Sie sich bitte an hallo@vinylframe.nl.<\/p>","protected":false},"featured_media":12953,"template":"","meta":{"_acf_changed":false,"_monsterinsights_skip_tracking":false,"_monsterinsights_sitenote_active":false,"_monsterinsights_sitenote_note":"","_monsterinsights_sitenote_category":0},"product_brand":[],"product_cat":[110,125,106,38],"product_tag":[69,78,67,48,47],"class_list":{"0":"post-12954","1":"product","2":"type-product","3":"status-publish","4":"has-post-thumbnail","6":"product_cat-frames","7":"product_cat-mini-frames","8":"product_cat-outlet","9":"product_cat-walnoot","10":"product_tag-oscar","11":"product_tag-product","12":"product_tag-shirt","13":"product_tag-vinyl-frame","14":"product_tag-vinylframe","15":"product_shipping_class-brievenbus","17":"first","18":"outofstock","19":"sale","20":"taxable","21":"shipping-taxable","22":"purchasable","23":"product-type-simple"},"acf":[],"yoast_head":"<!-- This site is optimized with the Yoast SEO plugin v26.8 - https:\/\/yoast.com\/product\/yoast-seo-wordpress\/ -->\n<title>Vinyl Frame | LP Wissellijst | Geef albums de aandacht die ze verdienen<\/title>\n<meta name=\"description\" content=\"Ons gelakte vinyl frame van walnoothout, heeft met haar strakke design een luxe uitstraling. De manier om je platen op een unieke manier te presenteren.\" \/>\n<meta name=\"robots\" content=\"index, follow, max-snippet:-1, max-image-preview:large, max-video-preview:-1\" \/>\n<link rel=\"canonical\" href=\"https:\/\/vinylframe.nl\/de\/produkt\/vinylframe-walnoot-mat-outlet\/\" \/>\n<meta property=\"og:locale\" content=\"de_DE\" \/>\n<meta property=\"og:type\" content=\"article\" \/>\n<meta property=\"og:title\" content=\"Vinyl Frame | LP Wissellijst | Geef albums de aandacht die ze verdienen\" \/>\n<meta property=\"og:description\" content=\"Ons gelakte vinyl frame van walnoothout, heeft met haar strakke design een luxe uitstraling. De manier om je platen op een unieke manier te presenteren.\" \/>\n<meta property=\"og:url\" content=\"https:\/\/vinylframe.nl\/de\/produkt\/vinylframe-walnoot-mat-outlet\/\" \/>\n<meta property=\"og:site_name\" content=\"VinylFrame\" \/>\n<meta property=\"article:modified_time\" content=\"2025-12-30T17:44:00+00:00\" \/>\n<meta property=\"og:image\" content=\"https:\/\/vinylframe.nl\/wp-content\/uploads\/2025\/10\/vinylframe-walnoot-wissellijst-outlet.jpg\" \/>\n\t<meta property=\"og:image:width\" content=\"2115\" \/>\n\t<meta property=\"og:image:height\" content=\"2115\" \/>\n\t<meta property=\"og:image:type\" content=\"image\/jpeg\" \/>\n<meta name=\"twitter:card\" content=\"summary_large_image\" \/>\n<meta name=\"twitter:label1\" content=\"Gesch\u00e4tzte Lesezeit\" \/>\n\t<meta name=\"twitter:data1\" content=\"1\u00a0Minute\" \/>\n<script type=\"application\/ld+json\" class=\"yoast-schema-graph\">{\"@context\":\"https:\/\/schema.org\",\"@graph\":[{\"@type\":\"WebPage\",\"@id\":\"https:\/\/vinylframe.nl\/product\/vinylframe-walnoot-mat-outlet\/\",\"url\":\"https:\/\/vinylframe.nl\/product\/vinylframe-walnoot-mat-outlet\/\",\"name\":\"Vinyl Frame | LP Wissellijst | Geef albums de aandacht die ze verdienen\",\"isPartOf\":{\"@id\":\"https:\/\/vinylframe.nl\/#website\"},\"primaryImageOfPage\":{\"@id\":\"https:\/\/vinylframe.nl\/product\/vinylframe-walnoot-mat-outlet\/#primaryimage\"},\"image\":{\"@id\":\"https:\/\/vinylframe.nl\/product\/vinylframe-walnoot-mat-outlet\/#primaryimage\"},\"thumbnailUrl\":\"https:\/\/vinylframe.nl\/wp-content\/uploads\/2025\/10\/vinylframe-walnoot-wissellijst-outlet.jpg\",\"datePublished\":\"2025-10-24T18:53:53+00:00\",\"dateModified\":\"2025-12-30T17:44:00+00:00\",\"description\":\"Ons gelakte vinyl frame van walnoothout, heeft met haar strakke design een luxe uitstraling. De manier om je platen op een unieke manier te presenteren.\",\"breadcrumb\":{\"@id\":\"https:\/\/vinylframe.nl\/product\/vinylframe-walnoot-mat-outlet\/#breadcrumb\"},\"inLanguage\":\"de\",\"potentialAction\":[{\"@type\":\"ReadAction\",\"target\":[\"https:\/\/vinylframe.nl\/product\/vinylframe-walnoot-mat-outlet\/\"]}]},{\"@type\":\"ImageObject\",\"inLanguage\":\"de\",\"@id\":\"https:\/\/vinylframe.nl\/product\/vinylframe-walnoot-mat-outlet\/#primaryimage\",\"url\":\"https:\/\/vinylframe.nl\/wp-content\/uploads\/2025\/10\/vinylframe-walnoot-wissellijst-outlet.jpg\",\"contentUrl\":\"https:\/\/vinylframe.nl\/wp-content\/uploads\/2025\/10\/vinylframe-walnoot-wissellijst-outlet.jpg\",\"width\":2115,\"height\":2115,\"caption\":\"Vinyl Frame outlet walnoot hout\"},{\"@type\":\"BreadcrumbList\",\"@id\":\"https:\/\/vinylframe.nl\/product\/vinylframe-walnoot-mat-outlet\/#breadcrumb\",\"itemListElement\":[{\"@type\":\"ListItem\",\"position\":1,\"name\":\"Home\",\"item\":\"https:\/\/vinylframe.nl\/\"},{\"@type\":\"ListItem\",\"position\":2,\"name\":\"Winkel\",\"item\":\"https:\/\/vinylframe.nl\/producten\/\"},{\"@type\":\"ListItem\",\"position\":3,\"name\":\"Mini VinylFrame walnoot mat (OUTLET)\"}]},{\"@type\":\"WebSite\",\"@id\":\"https:\/\/vinylframe.nl\/#website\",\"url\":\"https:\/\/vinylframe.nl\/\",\"name\":\"VinylFrame\",\"description\":\"Je bent wat je luistert\",\"publisher\":{\"@id\":\"https:\/\/vinylframe.nl\/#organization\"},\"potentialAction\":[{\"@type\":\"SearchAction\",\"target\":{\"@type\":\"EntryPoint\",\"urlTemplate\":\"https:\/\/vinylframe.nl\/?s={search_term_string}\"},\"query-input\":{\"@type\":\"PropertyValueSpecification\",\"valueRequired\":true,\"valueName\":\"search_term_string\"}}],\"inLanguage\":\"de\"},{\"@type\":\"Organization\",\"@id\":\"https:\/\/vinylframe.nl\/#organization\",\"name\":\"VinylFrame\",\"url\":\"https:\/\/vinylframe.nl\/\",\"logo\":{\"@type\":\"ImageObject\",\"inLanguage\":\"de\",\"@id\":\"https:\/\/vinylframe.nl\/#\/schema\/logo\/image\/\",\"url\":\"https:\/\/vinylframe.nl\/wp-content\/uploads\/2021\/01\/vf-logo.jpg\",\"contentUrl\":\"https:\/\/vinylframe.nl\/wp-content\/uploads\/2021\/01\/vf-logo.jpg\",\"width\":1181,\"height\":1181,\"caption\":\"VinylFrame\"},\"image\":{\"@id\":\"https:\/\/vinylframe.nl\/#\/schema\/logo\/image\/\"}}]}<\/script>\n<!-- \/ Yoast SEO plugin. -->","yoast_head_json":{"title":"Vinyl Frame | LP Wissellijst | Geef albums de aandacht die ze verdienen","description":"Ons gelakte vinyl frame van walnoothout, heeft met haar strakke design een luxe uitstraling. De manier om je platen op een unieke manier te presenteren.","robots":{"index":"index","follow":"follow","max-snippet":"max-snippet:-1","max-image-preview":"max-image-preview:large","max-video-preview":"max-video-preview:-1"},"canonical":"https:\/\/vinylframe.nl\/de\/produkt\/vinylframe-walnoot-mat-outlet\/","og_locale":"de_DE","og_type":"article","og_title":"Vinyl Frame | LP Wissellijst | Geef albums de aandacht die ze verdienen","og_description":"Ons gelakte vinyl frame van walnoothout, heeft met haar strakke design een luxe uitstraling. De manier om je platen op een unieke manier te presenteren.","og_url":"https:\/\/vinylframe.nl\/de\/produkt\/vinylframe-walnoot-mat-outlet\/","og_site_name":"VinylFrame","article_modified_time":"2025-12-30T17:44:00+00:00","og_image":[{"width":2115,"height":2115,"url":"https:\/\/vinylframe.nl\/wp-content\/uploads\/2025\/10\/vinylframe-walnoot-wissellijst-outlet.jpg","type":"image\/jpeg"}],"twitter_card":"summary_large_image","twitter_misc":{"Gesch\u00e4tzte Lesezeit":"1\u00a0Minute"},"schema":{"@context":"https:\/\/schema.org","@graph":[{"@type":"WebPage","@id":"https:\/\/vinylframe.nl\/product\/vinylframe-walnoot-mat-outlet\/","url":"https:\/\/vinylframe.nl\/product\/vinylframe-walnoot-mat-outlet\/","name":"Vinyl Frame | LP Wissellijst | Geef albums de aandacht die ze verdienen","isPartOf":{"@id":"https:\/\/vinylframe.nl\/#website"},"primaryImageOfPage":{"@id":"https:\/\/vinylframe.nl\/product\/vinylframe-walnoot-mat-outlet\/#primaryimage"},"image":{"@id":"https:\/\/vinylframe.nl\/product\/vinylframe-walnoot-mat-outlet\/#primaryimage"},"thumbnailUrl":"https:\/\/vinylframe.nl\/wp-content\/uploads\/2025\/10\/vinylframe-walnoot-wissellijst-outlet.jpg","datePublished":"2025-10-24T18:53:53+00:00","dateModified":"2025-12-30T17:44:00+00:00","description":"Ons gelakte vinyl frame van walnoothout, heeft met haar strakke design een luxe uitstraling. De manier om je platen op een unieke manier te presenteren.","breadcrumb":{"@id":"https:\/\/vinylframe.nl\/product\/vinylframe-walnoot-mat-outlet\/#breadcrumb"},"inLanguage":"de","potentialAction":[{"@type":"ReadAction","target":["https:\/\/vinylframe.nl\/product\/vinylframe-walnoot-mat-outlet\/"]}]},{"@type":"ImageObject","inLanguage":"de","@id":"https:\/\/vinylframe.nl\/product\/vinylframe-walnoot-mat-outlet\/#primaryimage","url":"https:\/\/vinylframe.nl\/wp-content\/uploads\/2025\/10\/vinylframe-walnoot-wissellijst-outlet.jpg","contentUrl":"https:\/\/vinylframe.nl\/wp-content\/uploads\/2025\/10\/vinylframe-walnoot-wissellijst-outlet.jpg","width":2115,"height":2115,"caption":"Vinyl Frame outlet walnoot hout"},{"@type":"BreadcrumbList","@id":"https:\/\/vinylframe.nl\/product\/vinylframe-walnoot-mat-outlet\/#breadcrumb","itemListElement":[{"@type":"ListItem","position":1,"name":"Home","item":"https:\/\/vinylframe.nl\/"},{"@type":"ListItem","position":2,"name":"Winkel","item":"https:\/\/vinylframe.nl\/producten\/"},{"@type":"ListItem","position":3,"name":"Mini VinylFrame walnoot mat (OUTLET)"}]},{"@type":"WebSite","@id":"https:\/\/vinylframe.nl\/#website","url":"https:\/\/vinylframe.nl\/","name":"VinylFrame","description":"Je bent wat je luistert","publisher":{"@id":"https:\/\/vinylframe.nl\/#organization"},"potentialAction":[{"@type":"SearchAction","target":{"@type":"EntryPoint","urlTemplate":"https:\/\/vinylframe.nl\/?s={search_term_string}"},"query-input":{"@type":"PropertyValueSpecification","valueRequired":true,"valueName":"search_term_string"}}],"inLanguage":"de"},{"@type":"Organization","@id":"https:\/\/vinylframe.nl\/#organization","name":"VinylFrame","url":"https:\/\/vinylframe.nl\/","logo":{"@type":"ImageObject","inLanguage":"de","@id":"https:\/\/vinylframe.nl\/#\/schema\/logo\/image\/","url":"https:\/\/vinylframe.nl\/wp-content\/uploads\/2021\/01\/vf-logo.jpg","contentUrl":"https:\/\/vinylframe.nl\/wp-content\/uploads\/2021\/01\/vf-logo.jpg","width":1181,"height":1181,"caption":"VinylFrame"},"image":{"@id":"https:\/\/vinylframe.nl\/#\/schema\/logo\/image\/"}}]}},"_links":{"self":[{"href":"https:\/\/vinylframe.nl\/de\/wp-json\/wp\/v2\/product\/12954","targetHints":{"allow":["GET"]}}],"collection":[{"href":"https:\/\/vinylframe.nl\/de\/wp-json\/wp\/v2\/product"}],"about":[{"href":"https:\/\/vinylframe.nl\/de\/wp-json\/wp\/v2\/types\/product"}],"wp:featuredmedia":[{"embeddable":true,"href":"https:\/\/vinylframe.nl\/de\/wp-json\/wp\/v2\/media\/12953"}],"wp:attachment":[{"href":"https:\/\/vinylframe.nl\/de\/wp-json\/wp\/v2\/media?parent=12954"}],"wp:term":[{"taxonomy":"product_brand","embeddable":true,"href":"https:\/\/vinylframe.nl\/de\/wp-json\/wp\/v2\/product_brand?post=12954"},{"taxonomy":"product_cat","embeddable":true,"href":"https:\/\/vinylframe.nl\/de\/wp-json\/wp\/v2\/product_cat?post=12954"},{"taxonomy":"product_tag","embeddable":true,"href":"https:\/\/vinylframe.nl\/de\/wp-json\/wp\/v2\/product_tag?post=12954"}],"curies":[{"name":"wp","href":"https:\/\/api.w.org\/{rel}","templated":true}]}}