{"id":7246,"date":"2022-10-05T12:04:34","date_gmt":"2022-10-05T12:04:34","guid":{"rendered":"https:\/\/vinylframe.nl\/?post_type=product&#038;p=7246"},"modified":"2024-07-11T11:22:17","modified_gmt":"2024-07-11T11:22:17","slug":"vinylframe-esdoorn-mini","status":"publish","type":"product","link":"https:\/\/vinylframe.nl\/de\/produkt\/vinylframe-esdoorn-mini\/","title":{"rendered":"Esdoorn mini"},"content":{"rendered":"","protected":false},"excerpt":{"rendered":"<p>Het resthout van onze reguliere vinyl frames gebruiken we voor mini platen houders. Dus ook iedereen met een kleinere muur kan bij ons terecht. Met dit vinyl frame bepaal je zelf hoeveel LP&#8217;s je boven elkaar ophangt.<\/p>\n<p><strong>Montage<\/strong><br \/>\nHast du zu Hause eine <strong>glatte<\/strong> afwerking? Mooi!\u00a0Voor de bevestiging van het frame werken we met een speciale klittenband voorzien van een plakrand. Je kunt het frame dus bevestigen zonder boren en je hebt geen gereedschap nodig. Een kind kan de was doen!<\/p>\n<p>\"Klettverschluss mit Kleberand, wie funktioniert das? Schau <a href=\"https:\/\/youtu.be\/M0Hx9wkUhzU\" target=\"_blank\" rel=\"noopener noreferrer\"><strong>dir dieses<\/strong><\/a> Video zur visuellen Unterst\u00fctzung an.<\/p>\n<p><strong>Produktion<\/strong><br \/>\nVinylFrame setzt sich f\u00fcr Qualit\u00e4t und verantwortungsvolle Produkte ein. Unsere Produktpalette wird daher vollst\u00e4ndig von Hand in den Niederlanden hergestellt. M\u00f6chtest du wissen, wie das gemacht wird? Schau dir <a href=\"https:\/\/youtu.be\/M0Hx9wkUhzU\" target=\"_blank\" rel=\"noopener noreferrer\"><strong>dir dieses<\/strong><\/a> Video an!<\/p>","protected":false},"featured_media":7247,"template":"","meta":{"_acf_changed":false,"_monsterinsights_skip_tracking":false,"_monsterinsights_sitenote_active":false,"_monsterinsights_sitenote_note":"","_monsterinsights_sitenote_category":0},"product_brand":[],"product_cat":[39,110],"product_tag":[],"class_list":{"0":"post-7246","1":"product","2":"type-product","3":"status-publish","4":"has-post-thumbnail","6":"product_cat-esdoorn","7":"product_cat-frames","8":"product_shipping_class-brievenbus","10":"first","11":"outofstock","12":"taxable","13":"shipping-taxable","14":"purchasable","15":"product-type-variable"},"acf":[],"yoast_head":"<!-- This site is optimized with the Yoast SEO plugin v26.8 - https:\/\/yoast.com\/product\/yoast-seo-wordpress\/ -->\n<title>Vinyl Frame | Mini LP Wissellijst | Geef albums de aandacht die ze verdienen<\/title>\n<meta name=\"description\" content=\"LP ophangen aan de muur | Vinyl houder - Het resthout van onze reguliere vinyl frames gebruiken we vanaf nu voor mini platen houders. Dus ook iedereen met een kleinere muur kan bij ons terecht. Met dit vinyl frame bepaal je zelf hoeveel LP&#039;s je boven elkaar ophangt. De wissellijst is geschikt voor 12 inch platen en is eenvoudig te bevestigen aan de muur met bijgeleverde klittenband-strips.\" \/>\n<meta name=\"robots\" content=\"index, follow, max-snippet:-1, max-image-preview:large, max-video-preview:-1\" \/>\n<link rel=\"canonical\" href=\"https:\/\/vinylframe.nl\/de\/produkt\/vinylframe-esdoorn-mini\/\" \/>\n<meta property=\"og:locale\" content=\"de_DE\" \/>\n<meta property=\"og:type\" content=\"article\" \/>\n<meta property=\"og:title\" content=\"Vinyl Frame | Mini LP Wissellijst | Geef albums de aandacht die ze verdienen\" \/>\n<meta property=\"og:description\" content=\"LP ophangen aan de muur | Vinyl houder - Het resthout van onze reguliere vinyl frames gebruiken we vanaf nu voor mini platen houders. Dus ook iedereen met een kleinere muur kan bij ons terecht. Met dit vinyl frame bepaal je zelf hoeveel LP&#039;s je boven elkaar ophangt. De wissellijst is geschikt voor 12 inch platen en is eenvoudig te bevestigen aan de muur met bijgeleverde klittenband-strips.\" \/>\n<meta property=\"og:url\" content=\"https:\/\/vinylframe.nl\/de\/produkt\/vinylframe-esdoorn-mini\/\" \/>\n<meta property=\"og:site_name\" content=\"VinylFrame\" \/>\n<meta property=\"article:modified_time\" content=\"2024-07-11T11:22:17+00:00\" \/>\n<meta property=\"og:image\" content=\"https:\/\/vinylframe.nl\/wp-content\/uploads\/2022\/10\/vinylframe-esdoorn-wissellijst-voor-vinyl-aan-de-muur-een-rij-een-e1664971034388.jpg\" \/>\n\t<meta property=\"og:image:width\" content=\"1250\" \/>\n\t<meta property=\"og:image:height\" content=\"1250\" \/>\n\t<meta property=\"og:image:type\" content=\"image\/jpeg\" \/>\n<meta name=\"twitter:card\" content=\"summary_large_image\" \/>\n<meta name=\"twitter:title\" content=\"Vinyl Frame | Mini LP Wissellijst | Geef albums de aandacht die ze verdienen\" \/>\n<meta name=\"twitter:description\" content=\"LP ophangen aan de muur | Vinyl houder - Het resthout van onze reguliere vinyl frames gebruiken we vanaf nu voor mini platen houders. Dus ook iedereen met een kleinere muur kan bij ons terecht. Met dit vinyl frame bepaal je zelf hoeveel LP&#039;s je boven elkaar ophangt. De wissellijst is geschikt voor 12 inch platen en is eenvoudig te bevestigen aan de muur met bijgeleverde klittenband-strips.\" \/>\n<meta name=\"twitter:image\" content=\"https:\/\/vinylframe.nl\/wp-content\/uploads\/2022\/10\/vinylframe-esdoorn-wissellijst-voor-vinyl-aan-de-muur-een-rij-een-e1664971034388.jpg\" \/>\n<meta name=\"twitter:label1\" content=\"Gesch\u00e4tzte Lesezeit\" \/>\n\t<meta name=\"twitter:data1\" content=\"1\u00a0Minute\" \/>\n<script type=\"application\/ld+json\" class=\"yoast-schema-graph\">{\"@context\":\"https:\/\/schema.org\",\"@graph\":[{\"@type\":\"WebPage\",\"@id\":\"https:\/\/vinylframe.nl\/product\/vinylframe-esdoorn-mini\/\",\"url\":\"https:\/\/vinylframe.nl\/product\/vinylframe-esdoorn-mini\/\",\"name\":\"Vinyl Frame | Mini LP Wissellijst | Geef albums de aandacht die ze verdienen\",\"isPartOf\":{\"@id\":\"https:\/\/vinylframe.nl\/#website\"},\"primaryImageOfPage\":{\"@id\":\"https:\/\/vinylframe.nl\/product\/vinylframe-esdoorn-mini\/#primaryimage\"},\"image\":{\"@id\":\"https:\/\/vinylframe.nl\/product\/vinylframe-esdoorn-mini\/#primaryimage\"},\"thumbnailUrl\":\"https:\/\/vinylframe.nl\/wp-content\/uploads\/2022\/10\/Vinyl-Frame-Product-Type-2-1-k-1024x1024-1.jpg\",\"datePublished\":\"2022-10-05T12:04:34+00:00\",\"dateModified\":\"2024-07-11T11:22:17+00:00\",\"description\":\"LP ophangen aan de muur | Vinyl houder - Het resthout van onze reguliere vinyl frames gebruiken we vanaf nu voor mini platen houders. Dus ook iedereen met een kleinere muur kan bij ons terecht. Met dit vinyl frame bepaal je zelf hoeveel LP's je boven elkaar ophangt. De wissellijst is geschikt voor 12 inch platen en is eenvoudig te bevestigen aan de muur met bijgeleverde klittenband-strips.\",\"breadcrumb\":{\"@id\":\"https:\/\/vinylframe.nl\/product\/vinylframe-esdoorn-mini\/#breadcrumb\"},\"inLanguage\":\"de\",\"potentialAction\":[{\"@type\":\"ReadAction\",\"target\":[\"https:\/\/vinylframe.nl\/product\/vinylframe-esdoorn-mini\/\"]}]},{\"@type\":\"ImageObject\",\"inLanguage\":\"de\",\"@id\":\"https:\/\/vinylframe.nl\/product\/vinylframe-esdoorn-mini\/#primaryimage\",\"url\":\"https:\/\/vinylframe.nl\/wp-content\/uploads\/2022\/10\/Vinyl-Frame-Product-Type-2-1-k-1024x1024-1.jpg\",\"contentUrl\":\"https:\/\/vinylframe.nl\/wp-content\/uploads\/2022\/10\/Vinyl-Frame-Product-Type-2-1-k-1024x1024-1.jpg\",\"width\":1024,\"height\":1024},{\"@type\":\"BreadcrumbList\",\"@id\":\"https:\/\/vinylframe.nl\/product\/vinylframe-esdoorn-mini\/#breadcrumb\",\"itemListElement\":[{\"@type\":\"ListItem\",\"position\":1,\"name\":\"Home\",\"item\":\"https:\/\/vinylframe.nl\/\"},{\"@type\":\"ListItem\",\"position\":2,\"name\":\"Winkel\",\"item\":\"https:\/\/vinylframe.nl\/producten\/\"},{\"@type\":\"ListItem\",\"position\":3,\"name\":\"Esdoorn mini\"}]},{\"@type\":\"WebSite\",\"@id\":\"https:\/\/vinylframe.nl\/#website\",\"url\":\"https:\/\/vinylframe.nl\/\",\"name\":\"VinylFrame\",\"description\":\"Je bent wat je luistert\",\"publisher\":{\"@id\":\"https:\/\/vinylframe.nl\/#organization\"},\"potentialAction\":[{\"@type\":\"SearchAction\",\"target\":{\"@type\":\"EntryPoint\",\"urlTemplate\":\"https:\/\/vinylframe.nl\/?s={search_term_string}\"},\"query-input\":{\"@type\":\"PropertyValueSpecification\",\"valueRequired\":true,\"valueName\":\"search_term_string\"}}],\"inLanguage\":\"de\"},{\"@type\":\"Organization\",\"@id\":\"https:\/\/vinylframe.nl\/#organization\",\"name\":\"VinylFrame\",\"url\":\"https:\/\/vinylframe.nl\/\",\"logo\":{\"@type\":\"ImageObject\",\"inLanguage\":\"de\",\"@id\":\"https:\/\/vinylframe.nl\/#\/schema\/logo\/image\/\",\"url\":\"https:\/\/vinylframe.nl\/wp-content\/uploads\/2021\/01\/vf-logo.jpg\",\"contentUrl\":\"https:\/\/vinylframe.nl\/wp-content\/uploads\/2021\/01\/vf-logo.jpg\",\"width\":1181,\"height\":1181,\"caption\":\"VinylFrame\"},\"image\":{\"@id\":\"https:\/\/vinylframe.nl\/#\/schema\/logo\/image\/\"}}]}<\/script>\n<!-- \/ Yoast SEO plugin. -->","yoast_head_json":{"title":"Vinyl Frame | Mini LP Wissellijst | Geef albums de aandacht die ze verdienen","description":"LP ophangen aan de muur | Vinyl houder - Het resthout van onze reguliere vinyl frames gebruiken we vanaf nu voor mini platen houders. Dus ook iedereen met een kleinere muur kan bij ons terecht. Met dit vinyl frame bepaal je zelf hoeveel LP's je boven elkaar ophangt. De wissellijst is geschikt voor 12 inch platen en is eenvoudig te bevestigen aan de muur met bijgeleverde klittenband-strips.","robots":{"index":"index","follow":"follow","max-snippet":"max-snippet:-1","max-image-preview":"max-image-preview:large","max-video-preview":"max-video-preview:-1"},"canonical":"https:\/\/vinylframe.nl\/de\/produkt\/vinylframe-esdoorn-mini\/","og_locale":"de_DE","og_type":"article","og_title":"Vinyl Frame | Mini LP Wissellijst | Geef albums de aandacht die ze verdienen","og_description":"LP ophangen aan de muur | Vinyl houder - Het resthout van onze reguliere vinyl frames gebruiken we vanaf nu voor mini platen houders. Dus ook iedereen met een kleinere muur kan bij ons terecht. Met dit vinyl frame bepaal je zelf hoeveel LP's je boven elkaar ophangt. De wissellijst is geschikt voor 12 inch platen en is eenvoudig te bevestigen aan de muur met bijgeleverde klittenband-strips.","og_url":"https:\/\/vinylframe.nl\/de\/produkt\/vinylframe-esdoorn-mini\/","og_site_name":"VinylFrame","article_modified_time":"2024-07-11T11:22:17+00:00","og_image":[{"width":1250,"height":1250,"url":"https:\/\/vinylframe.nl\/wp-content\/uploads\/2022\/10\/vinylframe-esdoorn-wissellijst-voor-vinyl-aan-de-muur-een-rij-een-e1664971034388.jpg","type":"image\/jpeg"}],"twitter_card":"summary_large_image","twitter_title":"Vinyl Frame | Mini LP Wissellijst | Geef albums de aandacht die ze verdienen","twitter_description":"LP ophangen aan de muur | Vinyl houder - Het resthout van onze reguliere vinyl frames gebruiken we vanaf nu voor mini platen houders. Dus ook iedereen met een kleinere muur kan bij ons terecht. Met dit vinyl frame bepaal je zelf hoeveel LP's je boven elkaar ophangt. De wissellijst is geschikt voor 12 inch platen en is eenvoudig te bevestigen aan de muur met bijgeleverde klittenband-strips.","twitter_image":"https:\/\/vinylframe.nl\/wp-content\/uploads\/2022\/10\/vinylframe-esdoorn-wissellijst-voor-vinyl-aan-de-muur-een-rij-een-e1664971034388.jpg","twitter_misc":{"Gesch\u00e4tzte Lesezeit":"1\u00a0Minute"},"schema":{"@context":"https:\/\/schema.org","@graph":[{"@type":"WebPage","@id":"https:\/\/vinylframe.nl\/product\/vinylframe-esdoorn-mini\/","url":"https:\/\/vinylframe.nl\/product\/vinylframe-esdoorn-mini\/","name":"Vinyl Frame | Mini LP Wissellijst | Geef albums de aandacht die ze verdienen","isPartOf":{"@id":"https:\/\/vinylframe.nl\/#website"},"primaryImageOfPage":{"@id":"https:\/\/vinylframe.nl\/product\/vinylframe-esdoorn-mini\/#primaryimage"},"image":{"@id":"https:\/\/vinylframe.nl\/product\/vinylframe-esdoorn-mini\/#primaryimage"},"thumbnailUrl":"https:\/\/vinylframe.nl\/wp-content\/uploads\/2022\/10\/Vinyl-Frame-Product-Type-2-1-k-1024x1024-1.jpg","datePublished":"2022-10-05T12:04:34+00:00","dateModified":"2024-07-11T11:22:17+00:00","description":"LP ophangen aan de muur | Vinyl houder - Het resthout van onze reguliere vinyl frames gebruiken we vanaf nu voor mini platen houders. Dus ook iedereen met een kleinere muur kan bij ons terecht. Met dit vinyl frame bepaal je zelf hoeveel LP's je boven elkaar ophangt. De wissellijst is geschikt voor 12 inch platen en is eenvoudig te bevestigen aan de muur met bijgeleverde klittenband-strips.","breadcrumb":{"@id":"https:\/\/vinylframe.nl\/product\/vinylframe-esdoorn-mini\/#breadcrumb"},"inLanguage":"de","potentialAction":[{"@type":"ReadAction","target":["https:\/\/vinylframe.nl\/product\/vinylframe-esdoorn-mini\/"]}]},{"@type":"ImageObject","inLanguage":"de","@id":"https:\/\/vinylframe.nl\/product\/vinylframe-esdoorn-mini\/#primaryimage","url":"https:\/\/vinylframe.nl\/wp-content\/uploads\/2022\/10\/Vinyl-Frame-Product-Type-2-1-k-1024x1024-1.jpg","contentUrl":"https:\/\/vinylframe.nl\/wp-content\/uploads\/2022\/10\/Vinyl-Frame-Product-Type-2-1-k-1024x1024-1.jpg","width":1024,"height":1024},{"@type":"BreadcrumbList","@id":"https:\/\/vinylframe.nl\/product\/vinylframe-esdoorn-mini\/#breadcrumb","itemListElement":[{"@type":"ListItem","position":1,"name":"Home","item":"https:\/\/vinylframe.nl\/"},{"@type":"ListItem","position":2,"name":"Winkel","item":"https:\/\/vinylframe.nl\/producten\/"},{"@type":"ListItem","position":3,"name":"Esdoorn mini"}]},{"@type":"WebSite","@id":"https:\/\/vinylframe.nl\/#website","url":"https:\/\/vinylframe.nl\/","name":"VinylFrame","description":"Je bent wat je luistert","publisher":{"@id":"https:\/\/vinylframe.nl\/#organization"},"potentialAction":[{"@type":"SearchAction","target":{"@type":"EntryPoint","urlTemplate":"https:\/\/vinylframe.nl\/?s={search_term_string}"},"query-input":{"@type":"PropertyValueSpecification","valueRequired":true,"valueName":"search_term_string"}}],"inLanguage":"de"},{"@type":"Organization","@id":"https:\/\/vinylframe.nl\/#organization","name":"VinylFrame","url":"https:\/\/vinylframe.nl\/","logo":{"@type":"ImageObject","inLanguage":"de","@id":"https:\/\/vinylframe.nl\/#\/schema\/logo\/image\/","url":"https:\/\/vinylframe.nl\/wp-content\/uploads\/2021\/01\/vf-logo.jpg","contentUrl":"https:\/\/vinylframe.nl\/wp-content\/uploads\/2021\/01\/vf-logo.jpg","width":1181,"height":1181,"caption":"VinylFrame"},"image":{"@id":"https:\/\/vinylframe.nl\/#\/schema\/logo\/image\/"}}]}},"_links":{"self":[{"href":"https:\/\/vinylframe.nl\/de\/wp-json\/wp\/v2\/product\/7246","targetHints":{"allow":["GET"]}}],"collection":[{"href":"https:\/\/vinylframe.nl\/de\/wp-json\/wp\/v2\/product"}],"about":[{"href":"https:\/\/vinylframe.nl\/de\/wp-json\/wp\/v2\/types\/product"}],"wp:featuredmedia":[{"embeddable":true,"href":"https:\/\/vinylframe.nl\/de\/wp-json\/wp\/v2\/media\/7247"}],"wp:attachment":[{"href":"https:\/\/vinylframe.nl\/de\/wp-json\/wp\/v2\/media?parent=7246"}],"wp:term":[{"taxonomy":"product_brand","embeddable":true,"href":"https:\/\/vinylframe.nl\/de\/wp-json\/wp\/v2\/product_brand?post=7246"},{"taxonomy":"product_cat","embeddable":true,"href":"https:\/\/vinylframe.nl\/de\/wp-json\/wp\/v2\/product_cat?post=7246"},{"taxonomy":"product_tag","embeddable":true,"href":"https:\/\/vinylframe.nl\/de\/wp-json\/wp\/v2\/product_tag?post=7246"}],"curies":[{"name":"wp","href":"https:\/\/api.w.org\/{rel}","templated":true}]}}